{"id":11817,"date":"2020-09-07T10:28:20","date_gmt":"2020-09-07T10:28:20","guid":{"rendered":"https:\/\/bestdiamond.hu\/?page_id=11817"},"modified":"2020-12-29T18:50:20","modified_gmt":"2020-12-29T18:50:20","slug":"cookie-iranyelvek","status":"publish","type":"page","link":"https:\/\/bestdiamond.hu\/en\/cookie-iranyelvek\/","title":{"rendered":"Cookies"},"content":{"rendered":"<div data-elementor-type=\"wp-page\" data-elementor-id=\"11817\" class=\"elementor elementor-11817\" data-elementor-post-type=\"page\">\n\t\t\t\t\t\t<section class=\"elementor-section elementor-top-section elementor-element elementor-element-0d38414 elementor-section-boxed elementor-section-height-default elementor-section-height-default selection-is-not-sticked\" data-id=\"0d38414\" data-element_type=\"section\" data-e-type=\"section\">\n\t\t\t\t\t\t<div class=\"elementor-container elementor-column-gap-default\">\n\t\t\t\t\t<div class=\"elementor-column elementor-col-100 elementor-top-column elementor-element elementor-element-f221df8\" data-id=\"f221df8\" data-element_type=\"column\" data-e-type=\"column\">\n\t\t\t<div class=\"elementor-widget-wrap elementor-element-populated\">\n\t\t\t\t\t\t<div class=\"elementor-element elementor-element-8ba0b8e elementor-widget elementor-widget-heading\" data-id=\"8ba0b8e\" data-element_type=\"widget\" data-e-type=\"widget\" data-widget_type=\"heading.default\">\n\t\t\t\t<div class=\"elementor-widget-container\">\n\t\t\t\t\t<h2 class=\"elementor-heading-title elementor-size-default\">COOKIES<\/h2>\t\t\t\t<\/div>\n\t\t\t\t<\/div>\n\t\t\t\t<div class=\"elementor-element elementor-element-7020ba4 elementor-widget-divider--view-line_icon elementor-view-default elementor-widget-divider--element-align-center elementor-widget elementor-widget-divider\" data-id=\"7020ba4\" data-element_type=\"widget\" data-e-type=\"widget\" data-widget_type=\"divider.default\">\n\t\t\t\t<div class=\"elementor-widget-container\">\n\t\t\t\t\t\t\t<div class=\"elementor-divider\">\n\t\t\t<span class=\"elementor-divider-separator\">\n\t\t\t\t\t\t\t<div class=\"elementor-icon elementor-divider__element\">\n\t\t\t\t\t<i aria-hidden=\"true\" class=\"far fa-gem\"><\/i><\/div>\n\t\t\t\t\t\t<\/span>\n\t\t<\/div>\n\t\t\t\t\t\t<\/div>\n\t\t\t\t<\/div>\n\t\t\t\t<div class=\"elementor-element elementor-element-5b21f76 elementor-widget elementor-widget-text-editor\" data-id=\"5b21f76\" data-element_type=\"widget\" data-e-type=\"widget\" data-widget_type=\"text-editor.default\">\n\t\t\t\t<div class=\"elementor-widget-container\">\n\t\t\t\t\t\t\t\t\t<p>Our website uses cookies. A cookie is a file containing an identifier (letters and numbers) that a web server sends to a web browser and that the browser stores. The ID is then sent back to the server each time the browser retrieves a specific page from the server. Cookies can be \u201cPermanent\u201d or \u201cSession\u201d cookies. Permanent cookies are stored by the browser and remain valid until the specified expiration date, unless the user deletes them before the expiration date. On the other hand, Session cookies expire at the end of a user session when the browser is closed by the user. Cookies do not usually contain information that could personally identify the user, however, the personal data we hold about you may be related to the information stored in the cookies or obtained from the cookies. On our website we use Permanent and Session cookies as well.<\/p><p>The names of the cookies we use on our website and their purposes are described below:<\/p><p>We implemented on our website Google Analytics, Google Adwords and Facebook Pixel in order to: collect information when a user visits the website \/ track users while navigating the website \/ analyze and improve the usability of the website \/ prevent fraud and improve the security of the website \/ customize the website for each user \/ use targeted advertisements that may be of particular interest to specific users \/ collect data on specific lead conversion targets and so on.<\/p><p>In most browsers, you have the ability to decline usage of cookies or delete previously stored cookies.<\/p><p>Please be aware, that if you disable or delete the cookies, the usability of many websites (including ours) will deteriorate, and some features on our website will not be available to you. We recommend to accept these cookies so we can provide to you the best service as possible.<\/p>\t\t\t\t\t\t\t\t<\/div>\n\t\t\t\t<\/div>\n\t\t\t\t\t<\/div>\n\t\t<\/div>\n\t\t\t\t\t<\/div>\n\t\t<\/section>\n\t\t\t\t<\/div>","protected":false},"excerpt":{"rendered":"<p>COOKIE IR\u00c1NYELVEK Weboldalunk s\u00fctiket alkalmaz. A s\u00fcti egy azonos\u00edt\u00f3t (bet\u0171ket \u00e9s sz\u00e1mokat) tartalmaz\u00f3 f\u00e1jlnak felel meg, amelyet a webszerver k\u00fcld a webb\u00f6ng\u00e9sz\u0151nek, \u00e9s amelyet a b\u00f6ng\u00e9sz\u0151 elt\u00e1rol. Ezut\u00e1n megt\u00f6rt\u00e9nik az azonos\u00edt\u00f3 visszak\u00fcld\u00e9se a szerverhez minden alkalommal, amikor a b\u00f6ng\u00e9sz\u0151 lek\u00e9r egy adott oldalt a szerverr\u0151l. A s\u00fctik lehetnek \u201etart\u00f3s\u201d vagy \u201emunkamenet\u201d s\u00fctik: a tart\u00f3s s\u00fctiket [&hellip;]<\/p>\n","protected":false},"author":1,"featured_media":10401,"parent":0,"menu_order":0,"comment_status":"closed","ping_status":"closed","template":"","meta":{"site-sidebar-layout":"no-sidebar","site-content-layout":"plain-container","ast-site-content-layout":"default","site-content-style":"default","site-sidebar-style":"default","ast-global-header-display":"","ast-banner-title-visibility":"","ast-main-header-display":"","ast-hfb-above-header-display":"","ast-hfb-below-header-display":"","ast-hfb-mobile-header-display":"","site-post-title":"disabled","ast-breadcrumbs-content":"","ast-featured-img":"disabled","footer-sml-layout":"","ast-disable-related-posts":"","theme-transparent-header-meta":"default","adv-header-id-meta":"","stick-header-meta":"","header-above-stick-meta":"","header-main-stick-meta":"","header-below-stick-meta":"","astra-migrate-meta-layouts":"default","ast-page-background-enabled":"default","ast-page-background-meta":{"desktop":{"background-color":"var(--ast-global-color-4)","background-image":"","background-repeat":"repeat","background-position":"center center","background-size":"auto","background-attachment":"scroll","background-type":"","background-media":"","overlay-type":"","overlay-color":"","overlay-opacity":"","overlay-gradient":""},"tablet":{"background-color":"","background-image":"","background-repeat":"repeat","background-position":"center center","background-size":"auto","background-attachment":"scroll","background-type":"","background-media":"","overlay-type":"","overlay-color":"","overlay-opacity":"","overlay-gradient":""},"mobile":{"background-color":"","background-image":"","background-repeat":"repeat","background-position":"center center","background-size":"auto","background-attachment":"scroll","background-type":"","background-media":"","overlay-type":"","overlay-color":"","overlay-opacity":"","overlay-gradient":""}},"ast-content-background-meta":{"desktop":{"background-color":"var(--ast-global-color-5)","background-image":"","background-repeat":"repeat","background-position":"center center","background-size":"auto","background-attachment":"scroll","background-type":"","background-media":"","overlay-type":"","overlay-color":"","overlay-opacity":"","overlay-gradient":""},"tablet":{"background-color":"var(--ast-global-color-5)","background-image":"","background-repeat":"repeat","background-position":"center center","background-size":"auto","background-attachment":"scroll","background-type":"","background-media":"","overlay-type":"","overlay-color":"","overlay-opacity":"","overlay-gradient":""},"mobile":{"background-color":"var(--ast-global-color-5)","background-image":"","background-repeat":"repeat","background-position":"center center","background-size":"auto","background-attachment":"scroll","background-type":"","background-media":"","overlay-type":"","overlay-color":"","overlay-opacity":"","overlay-gradient":""}},"footnotes":""},"class_list":["post-11817","page","type-page","status-publish","has-post-thumbnail","hentry"],"yoast_head":"<!-- This site is optimized with the Yoast SEO plugin v27.0 - https:\/\/yoast.com\/product\/yoast-seo-wordpress\/ -->\n<title>Cookie ir\u00e1nyelvek - Best Diamond<\/title>\n<meta name=\"robots\" content=\"noindex, follow\" \/>\n<meta property=\"og:locale\" content=\"en_GB\" \/>\n<meta property=\"og:type\" content=\"article\" \/>\n<meta property=\"og:title\" content=\"Cookie ir\u00e1nyelvek - Best Diamond\" \/>\n<meta property=\"og:description\" content=\"COOKIE IR\u00c1NYELVEK Weboldalunk s\u00fctiket alkalmaz. A s\u00fcti egy azonos\u00edt\u00f3t (bet\u0171ket \u00e9s sz\u00e1mokat) tartalmaz\u00f3 f\u00e1jlnak felel meg, amelyet a webszerver k\u00fcld a webb\u00f6ng\u00e9sz\u0151nek, \u00e9s amelyet a b\u00f6ng\u00e9sz\u0151 elt\u00e1rol. Ezut\u00e1n megt\u00f6rt\u00e9nik az azonos\u00edt\u00f3 visszak\u00fcld\u00e9se a szerverhez minden alkalommal, amikor a b\u00f6ng\u00e9sz\u0151 lek\u00e9r egy adott oldalt a szerverr\u0151l. A s\u00fctik lehetnek \u201etart\u00f3s\u201d vagy \u201emunkamenet\u201d s\u00fctik: a tart\u00f3s s\u00fctiket [&hellip;]\" \/>\n<meta property=\"og:url\" content=\"https:\/\/bestdiamond.hu\/en\/cookie-iranyelvek\/\" \/>\n<meta property=\"og:site_name\" content=\"Best Diamond\" \/>\n<meta property=\"article:publisher\" content=\"https:\/\/www.facebook.com\/BestDiamondBudapest\/\" \/>\n<meta property=\"article:modified_time\" content=\"2020-12-29T18:50:20+00:00\" \/>\n<meta property=\"og:image\" content=\"https:\/\/bestdiamond.hu\/wp-content\/uploads\/2020\/07\/ezust_preg_latvany.jpg\" \/>\n\t<meta property=\"og:image:width\" content=\"1617\" \/>\n\t<meta property=\"og:image:height\" content=\"967\" \/>\n\t<meta property=\"og:image:type\" content=\"image\/jpeg\" \/>\n<meta name=\"twitter:card\" content=\"summary_large_image\" \/>\n<meta name=\"twitter:label1\" content=\"Estimated reading time\" \/>\n\t<meta name=\"twitter:data1\" content=\"2 minutes\" \/>\n<script type=\"application\/ld+json\" class=\"yoast-schema-graph\">{\"@context\":\"https:\/\/schema.org\",\"@graph\":[{\"@type\":\"WebPage\",\"@id\":\"https:\/\/bestdiamond.hu\/cookie-iranyelvek\/\",\"url\":\"https:\/\/bestdiamond.hu\/cookie-iranyelvek\/\",\"name\":\"Cookie ir\u00e1nyelvek - Best Diamond\",\"isPartOf\":{\"@id\":\"https:\/\/bestdiamond.hu\/en\/#website\"},\"primaryImageOfPage\":{\"@id\":\"https:\/\/bestdiamond.hu\/cookie-iranyelvek\/#primaryimage\"},\"image\":{\"@id\":\"https:\/\/bestdiamond.hu\/cookie-iranyelvek\/#primaryimage\"},\"thumbnailUrl\":\"https:\/\/bestdiamond.hu\/wp-content\/uploads\/2020\/07\/ezust_preg_latvany.jpg\",\"datePublished\":\"2020-09-07T10:28:20+00:00\",\"dateModified\":\"2020-12-29T18:50:20+00:00\",\"breadcrumb\":{\"@id\":\"https:\/\/bestdiamond.hu\/cookie-iranyelvek\/#breadcrumb\"},\"inLanguage\":\"en-GB\",\"potentialAction\":[{\"@type\":\"ReadAction\",\"target\":[\"https:\/\/bestdiamond.hu\/cookie-iranyelvek\/\"]}]},{\"@type\":\"ImageObject\",\"inLanguage\":\"en-GB\",\"@id\":\"https:\/\/bestdiamond.hu\/cookie-iranyelvek\/#primaryimage\",\"url\":\"https:\/\/bestdiamond.hu\/wp-content\/uploads\/2020\/07\/ezust_preg_latvany.jpg\",\"contentUrl\":\"https:\/\/bestdiamond.hu\/wp-content\/uploads\/2020\/07\/ezust_preg_latvany.jpg\",\"width\":1617,\"height\":967},{\"@type\":\"BreadcrumbList\",\"@id\":\"https:\/\/bestdiamond.hu\/cookie-iranyelvek\/#breadcrumb\",\"itemListElement\":[{\"@type\":\"ListItem\",\"position\":1,\"name\":\"Kezd\u0151lap\",\"item\":\"https:\/\/bestdiamond.hu\/en\/\"},{\"@type\":\"ListItem\",\"position\":2,\"name\":\"Cookie ir\u00e1nyelvek\"}]},{\"@type\":\"WebSite\",\"@id\":\"https:\/\/bestdiamond.hu\/en\/#website\",\"url\":\"https:\/\/bestdiamond.hu\/en\/\",\"name\":\"Best Diamond\",\"description\":\"Pr\u00e9mium gy\u00e9m\u00e1nt gy\u0171r\u0171k\",\"publisher\":{\"@id\":\"https:\/\/bestdiamond.hu\/en\/#organization\"},\"potentialAction\":[{\"@type\":\"SearchAction\",\"target\":{\"@type\":\"EntryPoint\",\"urlTemplate\":\"https:\/\/bestdiamond.hu\/en\/?s={search_term_string}\"},\"query-input\":{\"@type\":\"PropertyValueSpecification\",\"valueRequired\":true,\"valueName\":\"search_term_string\"}}],\"inLanguage\":\"en-GB\"},{\"@type\":\"Organization\",\"@id\":\"https:\/\/bestdiamond.hu\/en\/#organization\",\"name\":\"Best Diamond Budapest\",\"url\":\"https:\/\/bestdiamond.hu\/en\/\",\"logo\":{\"@type\":\"ImageObject\",\"inLanguage\":\"en-GB\",\"@id\":\"https:\/\/bestdiamond.hu\/en\/#\/schema\/logo\/image\/\",\"url\":\"https:\/\/bestdiamond.hu\/wp-content\/uploads\/2020\/08\/cropped-imageedit_1_3950369989.png\",\"contentUrl\":\"https:\/\/bestdiamond.hu\/wp-content\/uploads\/2020\/08\/cropped-imageedit_1_3950369989.png\",\"width\":817,\"height\":420,\"caption\":\"Best Diamond Budapest\"},\"image\":{\"@id\":\"https:\/\/bestdiamond.hu\/en\/#\/schema\/logo\/image\/\"},\"sameAs\":[\"https:\/\/www.facebook.com\/BestDiamondBudapest\/\",\"https:\/\/www.instagram.com\/bestdiamond_budapest\/\"]}]}<\/script>\n<!-- \/ Yoast SEO plugin. -->","yoast_head_json":{"title":"Cookie ir\u00e1nyelvek - Best Diamond","robots":{"index":"noindex","follow":"follow"},"og_locale":"en_GB","og_type":"article","og_title":"Cookie ir\u00e1nyelvek - Best Diamond","og_description":"COOKIE IR\u00c1NYELVEK Weboldalunk s\u00fctiket alkalmaz. A s\u00fcti egy azonos\u00edt\u00f3t (bet\u0171ket \u00e9s sz\u00e1mokat) tartalmaz\u00f3 f\u00e1jlnak felel meg, amelyet a webszerver k\u00fcld a webb\u00f6ng\u00e9sz\u0151nek, \u00e9s amelyet a b\u00f6ng\u00e9sz\u0151 elt\u00e1rol. Ezut\u00e1n megt\u00f6rt\u00e9nik az azonos\u00edt\u00f3 visszak\u00fcld\u00e9se a szerverhez minden alkalommal, amikor a b\u00f6ng\u00e9sz\u0151 lek\u00e9r egy adott oldalt a szerverr\u0151l. A s\u00fctik lehetnek \u201etart\u00f3s\u201d vagy \u201emunkamenet\u201d s\u00fctik: a tart\u00f3s s\u00fctiket [&hellip;]","og_url":"https:\/\/bestdiamond.hu\/en\/cookie-iranyelvek\/","og_site_name":"Best Diamond","article_publisher":"https:\/\/www.facebook.com\/BestDiamondBudapest\/","article_modified_time":"2020-12-29T18:50:20+00:00","og_image":[{"width":1617,"height":967,"url":"https:\/\/bestdiamond.hu\/wp-content\/uploads\/2020\/07\/ezust_preg_latvany.jpg","type":"image\/jpeg"}],"twitter_card":"summary_large_image","twitter_misc":{"Estimated reading time":"2 minutes"},"schema":{"@context":"https:\/\/schema.org","@graph":[{"@type":"WebPage","@id":"https:\/\/bestdiamond.hu\/cookie-iranyelvek\/","url":"https:\/\/bestdiamond.hu\/cookie-iranyelvek\/","name":"Cookie ir\u00e1nyelvek - Best Diamond","isPartOf":{"@id":"https:\/\/bestdiamond.hu\/en\/#website"},"primaryImageOfPage":{"@id":"https:\/\/bestdiamond.hu\/cookie-iranyelvek\/#primaryimage"},"image":{"@id":"https:\/\/bestdiamond.hu\/cookie-iranyelvek\/#primaryimage"},"thumbnailUrl":"https:\/\/bestdiamond.hu\/wp-content\/uploads\/2020\/07\/ezust_preg_latvany.jpg","datePublished":"2020-09-07T10:28:20+00:00","dateModified":"2020-12-29T18:50:20+00:00","breadcrumb":{"@id":"https:\/\/bestdiamond.hu\/cookie-iranyelvek\/#breadcrumb"},"inLanguage":"en-GB","potentialAction":[{"@type":"ReadAction","target":["https:\/\/bestdiamond.hu\/cookie-iranyelvek\/"]}]},{"@type":"ImageObject","inLanguage":"en-GB","@id":"https:\/\/bestdiamond.hu\/cookie-iranyelvek\/#primaryimage","url":"https:\/\/bestdiamond.hu\/wp-content\/uploads\/2020\/07\/ezust_preg_latvany.jpg","contentUrl":"https:\/\/bestdiamond.hu\/wp-content\/uploads\/2020\/07\/ezust_preg_latvany.jpg","width":1617,"height":967},{"@type":"BreadcrumbList","@id":"https:\/\/bestdiamond.hu\/cookie-iranyelvek\/#breadcrumb","itemListElement":[{"@type":"ListItem","position":1,"name":"Kezd\u0151lap","item":"https:\/\/bestdiamond.hu\/en\/"},{"@type":"ListItem","position":2,"name":"Cookie ir\u00e1nyelvek"}]},{"@type":"WebSite","@id":"https:\/\/bestdiamond.hu\/en\/#website","url":"https:\/\/bestdiamond.hu\/en\/","name":"Best Diamond","description":"Pr\u00e9mium gy\u00e9m\u00e1nt gy\u0171r\u0171k","publisher":{"@id":"https:\/\/bestdiamond.hu\/en\/#organization"},"potentialAction":[{"@type":"SearchAction","target":{"@type":"EntryPoint","urlTemplate":"https:\/\/bestdiamond.hu\/en\/?s={search_term_string}"},"query-input":{"@type":"PropertyValueSpecification","valueRequired":true,"valueName":"search_term_string"}}],"inLanguage":"en-GB"},{"@type":"Organization","@id":"https:\/\/bestdiamond.hu\/en\/#organization","name":"Best Diamond Budapest","url":"https:\/\/bestdiamond.hu\/en\/","logo":{"@type":"ImageObject","inLanguage":"en-GB","@id":"https:\/\/bestdiamond.hu\/en\/#\/schema\/logo\/image\/","url":"https:\/\/bestdiamond.hu\/wp-content\/uploads\/2020\/08\/cropped-imageedit_1_3950369989.png","contentUrl":"https:\/\/bestdiamond.hu\/wp-content\/uploads\/2020\/08\/cropped-imageedit_1_3950369989.png","width":817,"height":420,"caption":"Best Diamond Budapest"},"image":{"@id":"https:\/\/bestdiamond.hu\/en\/#\/schema\/logo\/image\/"},"sameAs":["https:\/\/www.facebook.com\/BestDiamondBudapest\/","https:\/\/www.instagram.com\/bestdiamond_budapest\/"]}]}},"jetpack_sharing_enabled":true,"_links":{"self":[{"href":"https:\/\/bestdiamond.hu\/en\/wp-json\/wp\/v2\/pages\/11817","targetHints":{"allow":["GET"]}}],"collection":[{"href":"https:\/\/bestdiamond.hu\/en\/wp-json\/wp\/v2\/pages"}],"about":[{"href":"https:\/\/bestdiamond.hu\/en\/wp-json\/wp\/v2\/types\/page"}],"author":[{"embeddable":true,"href":"https:\/\/bestdiamond.hu\/en\/wp-json\/wp\/v2\/users\/1"}],"replies":[{"embeddable":true,"href":"https:\/\/bestdiamond.hu\/en\/wp-json\/wp\/v2\/comments?post=11817"}],"version-history":[{"count":10,"href":"https:\/\/bestdiamond.hu\/en\/wp-json\/wp\/v2\/pages\/11817\/revisions"}],"predecessor-version":[{"id":15892,"href":"https:\/\/bestdiamond.hu\/en\/wp-json\/wp\/v2\/pages\/11817\/revisions\/15892"}],"wp:featuredmedia":[{"embeddable":true,"href":"https:\/\/bestdiamond.hu\/en\/wp-json\/wp\/v2\/media\/10401"}],"wp:attachment":[{"href":"https:\/\/bestdiamond.hu\/en\/wp-json\/wp\/v2\/media?parent=11817"}],"curies":[{"name":"wp","href":"https:\/\/api.w.org\/{rel}","templated":true}]}}