{"id":11953,"date":"2020-09-08T08:36:21","date_gmt":"2020-09-08T08:36:21","guid":{"rendered":"https:\/\/bestdiamond.hu\/?page_id=11953"},"modified":"2020-12-29T18:23:08","modified_gmt":"2020-12-29T18:23:08","slug":"impresszum","status":"publish","type":"page","link":"https:\/\/bestdiamond.hu\/en\/impresszum\/","title":{"rendered":"Imprint"},"content":{"rendered":"<div data-elementor-type=\"wp-page\" data-elementor-id=\"11953\" class=\"elementor elementor-11953\" data-elementor-post-type=\"page\">\n\t\t\t\t\t\t<section class=\"elementor-section elementor-top-section elementor-element elementor-element-8a6bff6 elementor-section-boxed elementor-section-height-default elementor-section-height-default selection-is-not-sticked\" data-id=\"8a6bff6\" data-element_type=\"section\" data-e-type=\"section\">\n\t\t\t\t\t\t<div class=\"elementor-container elementor-column-gap-default\">\n\t\t\t\t\t<div class=\"elementor-column elementor-col-100 elementor-top-column elementor-element elementor-element-7ff8610\" data-id=\"7ff8610\" data-element_type=\"column\" data-e-type=\"column\">\n\t\t\t<div class=\"elementor-widget-wrap elementor-element-populated\">\n\t\t\t\t\t\t<div class=\"elementor-element elementor-element-419d056 elementor-widget elementor-widget-heading\" data-id=\"419d056\" data-element_type=\"widget\" data-e-type=\"widget\" data-widget_type=\"heading.default\">\n\t\t\t\t<div class=\"elementor-widget-container\">\n\t\t\t\t\t<h2 class=\"elementor-heading-title elementor-size-default\">IMPRINT<\/h2>\t\t\t\t<\/div>\n\t\t\t\t<\/div>\n\t\t\t\t<div class=\"elementor-element elementor-element-5c50ccc elementor-widget-divider--view-line_icon elementor-view-default elementor-widget-divider--element-align-center elementor-widget elementor-widget-divider\" data-id=\"5c50ccc\" data-element_type=\"widget\" data-e-type=\"widget\" data-widget_type=\"divider.default\">\n\t\t\t\t<div class=\"elementor-widget-container\">\n\t\t\t\t\t\t\t<div class=\"elementor-divider\">\n\t\t\t<span class=\"elementor-divider-separator\">\n\t\t\t\t\t\t\t<div class=\"elementor-icon elementor-divider__element\">\n\t\t\t\t\t<i aria-hidden=\"true\" class=\"far fa-gem\"><\/i><\/div>\n\t\t\t\t\t\t<\/span>\n\t\t<\/div>\n\t\t\t\t\t\t<\/div>\n\t\t\t\t<\/div>\n\t\t\t\t<div class=\"elementor-element elementor-element-5ff087c elementor-widget elementor-widget-text-editor\" data-id=\"5ff087c\" data-element_type=\"widget\" data-e-type=\"widget\" data-widget_type=\"text-editor.default\">\n\t\t\t\t<div class=\"elementor-widget-container\">\n\t\t\t\t\t\t\t\t\t<p>Service provider: B\u00e1nyai Mil\u00e1n D\u00e1niel e.v.<br \/>Registered address: 1055 Budapest, Falk Miksa utca 7.<br \/>Phone: +36 70 360 3559<br \/>E-mail: bestdiamondltd@gmail.com<br \/>Website: bestdiamond.hu<\/p><p><span style=\"font-size: 15px; color: var( --e-global-color-text );\">Sole Trader Details<br \/><\/span>Registration number: 51899822<br \/>Tax number: 68545271-1-41<br \/>Authority License: PR8404\/1\/2020<br \/>Authority:\u00a0Government Office of the Capital City Budapest \u2013 Department of Trade, Defence Industry,<br \/>Export Control And Precious Metal Assay<\/p><p>Hosting Provider: Mediaplatz Limited (160 City Road, London EC1V 2NX, United Kingdom, hello@mediaplatz.com)<\/p>\t\t\t\t\t\t\t\t<\/div>\n\t\t\t\t<\/div>\n\t\t\t\t\t<\/div>\n\t\t<\/div>\n\t\t\t\t\t<\/div>\n\t\t<\/section>\n\t\t\t\t<\/div>","protected":false},"excerpt":{"rendered":"<p>IMPRESSZUM Szolg\u00e1ltat\u00f3: B\u00e1nyai Mil\u00e1n D\u00e1niel e.v. C\u00edm: 1055 Budapest, Falk Miksa utca 7. Telefon:&nbsp;+36 70 360 3559 E-mail: bestdiamondltd@gmail.com Internet: bestdiamond.hu Egy\u00e9ni V\u00e1llalkoz\u00f3k Nyilv\u00e1ntart\u00e1sa Nyilv\u00e1ntart\u00e1si sz\u00e1m:&nbsp;51899822 Ad\u00f3sz\u00e1m: 68545271-1-41 Hat\u00f3s\u00e1gi enged\u00e9ly: PR8404\/1\/2020 Hat\u00f3s\u00e1g:&nbsp;Budapest F\u0151v\u00e1ros Korm\u00e1nyhivatala \u2013 Magyar Kereskedelmi Enged\u00e9lyez\u00e9si Hivatal (BFKH-MKEH) T\u00e1rhelyszolg\u00e1ltat\u00f3: Mediaplatz Limited (160 City Road, London EC1V 2NX, United Kingdom, hello@mediaplatz.com)<\/p>","protected":false},"author":1,"featured_media":10766,"parent":0,"menu_order":0,"comment_status":"closed","ping_status":"closed","template":"","meta":{"site-sidebar-layout":"no-sidebar","site-content-layout":"plain-container","ast-site-content-layout":"default","site-content-style":"default","site-sidebar-style":"default","ast-global-header-display":"","ast-banner-title-visibility":"","ast-main-header-display":"","ast-hfb-above-header-display":"","ast-hfb-below-header-display":"","ast-hfb-mobile-header-display":"","site-post-title":"disabled","ast-breadcrumbs-content":"","ast-featured-img":"disabled","footer-sml-layout":"","ast-disable-related-posts":"","theme-transparent-header-meta":"default","adv-header-id-meta":"","stick-header-meta":"","header-above-stick-meta":"","header-main-stick-meta":"","header-below-stick-meta":"","astra-migrate-meta-layouts":"default","ast-page-background-enabled":"default","ast-page-background-meta":{"desktop":{"background-color":"var(--ast-global-color-4)","background-image":"","background-repeat":"repeat","background-position":"center center","background-size":"auto","background-attachment":"scroll","background-type":"","background-media":"","overlay-type":"","overlay-color":"","overlay-opacity":"","overlay-gradient":""},"tablet":{"background-color":"","background-image":"","background-repeat":"repeat","background-position":"center center","background-size":"auto","background-attachment":"scroll","background-type":"","background-media":"","overlay-type":"","overlay-color":"","overlay-opacity":"","overlay-gradient":""},"mobile":{"background-color":"","background-image":"","background-repeat":"repeat","background-position":"center center","background-size":"auto","background-attachment":"scroll","background-type":"","background-media":"","overlay-type":"","overlay-color":"","overlay-opacity":"","overlay-gradient":""}},"ast-content-background-meta":{"desktop":{"background-color":"var(--ast-global-color-5)","background-image":"","background-repeat":"repeat","background-position":"center center","background-size":"auto","background-attachment":"scroll","background-type":"","background-media":"","overlay-type":"","overlay-color":"","overlay-opacity":"","overlay-gradient":""},"tablet":{"background-color":"var(--ast-global-color-5)","background-image":"","background-repeat":"repeat","background-position":"center center","background-size":"auto","background-attachment":"scroll","background-type":"","background-media":"","overlay-type":"","overlay-color":"","overlay-opacity":"","overlay-gradient":""},"mobile":{"background-color":"var(--ast-global-color-5)","background-image":"","background-repeat":"repeat","background-position":"center center","background-size":"auto","background-attachment":"scroll","background-type":"","background-media":"","overlay-type":"","overlay-color":"","overlay-opacity":"","overlay-gradient":""}},"footnotes":""},"class_list":["post-11953","page","type-page","status-publish","has-post-thumbnail","hentry"],"yoast_head":"<!-- This site is optimized with the Yoast SEO plugin v27.0 - https:\/\/yoast.com\/product\/yoast-seo-wordpress\/ -->\n<title>Impresszum - Best Diamond<\/title>\n<meta name=\"robots\" content=\"noindex, follow\" \/>\n<meta property=\"og:locale\" content=\"en_GB\" \/>\n<meta property=\"og:type\" content=\"article\" \/>\n<meta property=\"og:title\" content=\"Impresszum - Best Diamond\" \/>\n<meta property=\"og:description\" content=\"IMPRESSZUM Szolg\u00e1ltat\u00f3: B\u00e1nyai Mil\u00e1n D\u00e1niel e.v. C\u00edm: 1055 Budapest, Falk Miksa utca 7. Telefon:&nbsp;+36 70 360 3559 E-mail: bestdiamondltd@gmail.com Internet: bestdiamond.hu Egy\u00e9ni V\u00e1llalkoz\u00f3k Nyilv\u00e1ntart\u00e1sa Nyilv\u00e1ntart\u00e1si sz\u00e1m:&nbsp;51899822 Ad\u00f3sz\u00e1m: 68545271-1-41 Hat\u00f3s\u00e1gi enged\u00e9ly: PR8404\/1\/2020 Hat\u00f3s\u00e1g:&nbsp;Budapest F\u0151v\u00e1ros Korm\u00e1nyhivatala \u2013 Magyar Kereskedelmi Enged\u00e9lyez\u00e9si Hivatal (BFKH-MKEH) T\u00e1rhelyszolg\u00e1ltat\u00f3: Mediaplatz Limited (160 City Road, London EC1V 2NX, United Kingdom, hello@mediaplatz.com)\" \/>\n<meta property=\"og:url\" content=\"https:\/\/bestdiamond.hu\/en\/\" \/>\n<meta property=\"og:site_name\" content=\"Best Diamond\" \/>\n<meta property=\"article:publisher\" content=\"https:\/\/www.facebook.com\/BestDiamondBudapest\/\" \/>\n<meta property=\"article:modified_time\" content=\"2020-12-29T18:23:08+00:00\" \/>\n<meta property=\"og:image\" content=\"https:\/\/bestdiamond.hu\/wp-content\/uploads\/2020\/08\/ezust_preg_latvany-1.jpg\" \/>\n\t<meta property=\"og:image:width\" content=\"1617\" \/>\n\t<meta property=\"og:image:height\" content=\"967\" \/>\n\t<meta property=\"og:image:type\" content=\"image\/jpeg\" \/>\n<meta name=\"twitter:card\" content=\"summary_large_image\" \/>\n<script type=\"application\/ld+json\" class=\"yoast-schema-graph\">{\"@context\":\"https:\/\/schema.org\",\"@graph\":[{\"@type\":\"WebPage\",\"@id\":\"https:\/\/bestdiamond.hu\/impresszum\/\",\"url\":\"https:\/\/bestdiamond.hu\/\",\"name\":\"Impresszum - Best Diamond\",\"isPartOf\":{\"@id\":\"https:\/\/bestdiamond.hu\/en\/#website\"},\"primaryImageOfPage\":{\"@id\":\"https:\/\/bestdiamond.hu\/#primaryimage\"},\"image\":{\"@id\":\"https:\/\/bestdiamond.hu\/#primaryimage\"},\"thumbnailUrl\":\"https:\/\/bestdiamond.hu\/wp-content\/uploads\/2020\/08\/ezust_preg_latvany-1.jpg\",\"datePublished\":\"2020-09-08T08:36:21+00:00\",\"dateModified\":\"2020-12-29T18:23:08+00:00\",\"breadcrumb\":{\"@id\":\"https:\/\/bestdiamond.hu\/#breadcrumb\"},\"inLanguage\":\"en-GB\",\"potentialAction\":[{\"@type\":\"ReadAction\",\"target\":[\"https:\/\/bestdiamond.hu\/\"]}]},{\"@type\":\"ImageObject\",\"inLanguage\":\"en-GB\",\"@id\":\"https:\/\/bestdiamond.hu\/#primaryimage\",\"url\":\"https:\/\/bestdiamond.hu\/wp-content\/uploads\/2020\/08\/ezust_preg_latvany-1.jpg\",\"contentUrl\":\"https:\/\/bestdiamond.hu\/wp-content\/uploads\/2020\/08\/ezust_preg_latvany-1.jpg\",\"width\":1617,\"height\":967,\"caption\":\"eljegyz\u00e9si gy\u00e9m\u00e1nt gy\u0171r\u0171 - Best Diamond\"},{\"@type\":\"BreadcrumbList\",\"@id\":\"https:\/\/bestdiamond.hu\/#breadcrumb\",\"itemListElement\":[{\"@type\":\"ListItem\",\"position\":1,\"name\":\"Kezd\u0151lap\",\"item\":\"https:\/\/bestdiamond.hu\/en\/\"},{\"@type\":\"ListItem\",\"position\":2,\"name\":\"Impresszum\"}]},{\"@type\":\"WebSite\",\"@id\":\"https:\/\/bestdiamond.hu\/en\/#website\",\"url\":\"https:\/\/bestdiamond.hu\/en\/\",\"name\":\"Best Diamond\",\"description\":\"Pr\u00e9mium gy\u00e9m\u00e1nt gy\u0171r\u0171k\",\"publisher\":{\"@id\":\"https:\/\/bestdiamond.hu\/en\/#organization\"},\"potentialAction\":[{\"@type\":\"SearchAction\",\"target\":{\"@type\":\"EntryPoint\",\"urlTemplate\":\"https:\/\/bestdiamond.hu\/en\/?s={search_term_string}\"},\"query-input\":{\"@type\":\"PropertyValueSpecification\",\"valueRequired\":true,\"valueName\":\"search_term_string\"}}],\"inLanguage\":\"en-GB\"},{\"@type\":\"Organization\",\"@id\":\"https:\/\/bestdiamond.hu\/en\/#organization\",\"name\":\"Best Diamond Budapest\",\"url\":\"https:\/\/bestdiamond.hu\/en\/\",\"logo\":{\"@type\":\"ImageObject\",\"inLanguage\":\"en-GB\",\"@id\":\"https:\/\/bestdiamond.hu\/en\/#\/schema\/logo\/image\/\",\"url\":\"https:\/\/bestdiamond.hu\/wp-content\/uploads\/2020\/08\/cropped-imageedit_1_3950369989.png\",\"contentUrl\":\"https:\/\/bestdiamond.hu\/wp-content\/uploads\/2020\/08\/cropped-imageedit_1_3950369989.png\",\"width\":817,\"height\":420,\"caption\":\"Best Diamond Budapest\"},\"image\":{\"@id\":\"https:\/\/bestdiamond.hu\/en\/#\/schema\/logo\/image\/\"},\"sameAs\":[\"https:\/\/www.facebook.com\/BestDiamondBudapest\/\",\"https:\/\/www.instagram.com\/bestdiamond_budapest\/\"]}]}<\/script>\n<!-- \/ Yoast SEO plugin. -->","yoast_head_json":{"title":"Impresszum - Best Diamond","robots":{"index":"noindex","follow":"follow"},"og_locale":"en_GB","og_type":"article","og_title":"Impresszum - Best Diamond","og_description":"IMPRESSZUM Szolg\u00e1ltat\u00f3: B\u00e1nyai Mil\u00e1n D\u00e1niel e.v. C\u00edm: 1055 Budapest, Falk Miksa utca 7. Telefon:&nbsp;+36 70 360 3559 E-mail: bestdiamondltd@gmail.com Internet: bestdiamond.hu Egy\u00e9ni V\u00e1llalkoz\u00f3k Nyilv\u00e1ntart\u00e1sa Nyilv\u00e1ntart\u00e1si sz\u00e1m:&nbsp;51899822 Ad\u00f3sz\u00e1m: 68545271-1-41 Hat\u00f3s\u00e1gi enged\u00e9ly: PR8404\/1\/2020 Hat\u00f3s\u00e1g:&nbsp;Budapest F\u0151v\u00e1ros Korm\u00e1nyhivatala \u2013 Magyar Kereskedelmi Enged\u00e9lyez\u00e9si Hivatal (BFKH-MKEH) T\u00e1rhelyszolg\u00e1ltat\u00f3: Mediaplatz Limited (160 City Road, London EC1V 2NX, United Kingdom, hello@mediaplatz.com)","og_url":"https:\/\/bestdiamond.hu\/en\/","og_site_name":"Best Diamond","article_publisher":"https:\/\/www.facebook.com\/BestDiamondBudapest\/","article_modified_time":"2020-12-29T18:23:08+00:00","og_image":[{"width":1617,"height":967,"url":"https:\/\/bestdiamond.hu\/wp-content\/uploads\/2020\/08\/ezust_preg_latvany-1.jpg","type":"image\/jpeg"}],"twitter_card":"summary_large_image","schema":{"@context":"https:\/\/schema.org","@graph":[{"@type":"WebPage","@id":"https:\/\/bestdiamond.hu\/impresszum\/","url":"https:\/\/bestdiamond.hu\/","name":"Impresszum - Best Diamond","isPartOf":{"@id":"https:\/\/bestdiamond.hu\/en\/#website"},"primaryImageOfPage":{"@id":"https:\/\/bestdiamond.hu\/#primaryimage"},"image":{"@id":"https:\/\/bestdiamond.hu\/#primaryimage"},"thumbnailUrl":"https:\/\/bestdiamond.hu\/wp-content\/uploads\/2020\/08\/ezust_preg_latvany-1.jpg","datePublished":"2020-09-08T08:36:21+00:00","dateModified":"2020-12-29T18:23:08+00:00","breadcrumb":{"@id":"https:\/\/bestdiamond.hu\/#breadcrumb"},"inLanguage":"en-GB","potentialAction":[{"@type":"ReadAction","target":["https:\/\/bestdiamond.hu\/"]}]},{"@type":"ImageObject","inLanguage":"en-GB","@id":"https:\/\/bestdiamond.hu\/#primaryimage","url":"https:\/\/bestdiamond.hu\/wp-content\/uploads\/2020\/08\/ezust_preg_latvany-1.jpg","contentUrl":"https:\/\/bestdiamond.hu\/wp-content\/uploads\/2020\/08\/ezust_preg_latvany-1.jpg","width":1617,"height":967,"caption":"eljegyz\u00e9si gy\u00e9m\u00e1nt gy\u0171r\u0171 - Best Diamond"},{"@type":"BreadcrumbList","@id":"https:\/\/bestdiamond.hu\/#breadcrumb","itemListElement":[{"@type":"ListItem","position":1,"name":"Kezd\u0151lap","item":"https:\/\/bestdiamond.hu\/en\/"},{"@type":"ListItem","position":2,"name":"Impresszum"}]},{"@type":"WebSite","@id":"https:\/\/bestdiamond.hu\/en\/#website","url":"https:\/\/bestdiamond.hu\/en\/","name":"Best Diamond","description":"Pr\u00e9mium gy\u00e9m\u00e1nt gy\u0171r\u0171k","publisher":{"@id":"https:\/\/bestdiamond.hu\/en\/#organization"},"potentialAction":[{"@type":"SearchAction","target":{"@type":"EntryPoint","urlTemplate":"https:\/\/bestdiamond.hu\/en\/?s={search_term_string}"},"query-input":{"@type":"PropertyValueSpecification","valueRequired":true,"valueName":"search_term_string"}}],"inLanguage":"en-GB"},{"@type":"Organization","@id":"https:\/\/bestdiamond.hu\/en\/#organization","name":"Best Diamond Budapest","url":"https:\/\/bestdiamond.hu\/en\/","logo":{"@type":"ImageObject","inLanguage":"en-GB","@id":"https:\/\/bestdiamond.hu\/en\/#\/schema\/logo\/image\/","url":"https:\/\/bestdiamond.hu\/wp-content\/uploads\/2020\/08\/cropped-imageedit_1_3950369989.png","contentUrl":"https:\/\/bestdiamond.hu\/wp-content\/uploads\/2020\/08\/cropped-imageedit_1_3950369989.png","width":817,"height":420,"caption":"Best Diamond Budapest"},"image":{"@id":"https:\/\/bestdiamond.hu\/en\/#\/schema\/logo\/image\/"},"sameAs":["https:\/\/www.facebook.com\/BestDiamondBudapest\/","https:\/\/www.instagram.com\/bestdiamond_budapest\/"]}]}},"jetpack_sharing_enabled":true,"_links":{"self":[{"href":"https:\/\/bestdiamond.hu\/en\/wp-json\/wp\/v2\/pages\/11953","targetHints":{"allow":["GET"]}}],"collection":[{"href":"https:\/\/bestdiamond.hu\/en\/wp-json\/wp\/v2\/pages"}],"about":[{"href":"https:\/\/bestdiamond.hu\/en\/wp-json\/wp\/v2\/types\/page"}],"author":[{"embeddable":true,"href":"https:\/\/bestdiamond.hu\/en\/wp-json\/wp\/v2\/users\/1"}],"replies":[{"embeddable":true,"href":"https:\/\/bestdiamond.hu\/en\/wp-json\/wp\/v2\/comments?post=11953"}],"version-history":[{"count":3,"href":"https:\/\/bestdiamond.hu\/en\/wp-json\/wp\/v2\/pages\/11953\/revisions"}],"predecessor-version":[{"id":15886,"href":"https:\/\/bestdiamond.hu\/en\/wp-json\/wp\/v2\/pages\/11953\/revisions\/15886"}],"wp:featuredmedia":[{"embeddable":true,"href":"https:\/\/bestdiamond.hu\/en\/wp-json\/wp\/v2\/media\/10766"}],"wp:attachment":[{"href":"https:\/\/bestdiamond.hu\/en\/wp-json\/wp\/v2\/media?parent=11953"}],"curies":[{"name":"wp","href":"https:\/\/api.w.org\/{rel}","templated":true}]}}