{"id":11817,"date":"2020-09-07T10:28:20","date_gmt":"2020-09-07T10:28:20","guid":{"rendered":"https:\/\/bestdiamond.hu\/?page_id=11817"},"modified":"2020-12-29T18:50:20","modified_gmt":"2020-12-29T18:50:20","slug":"cookie-iranyelvek","status":"publish","type":"page","link":"https:\/\/bestdiamond.hu\/zh\/cookie-iranyelvek\/","title":{"rendered":"Cookie\u653f\u7b56"},"content":{"rendered":"<div data-elementor-type=\"wp-page\" data-elementor-id=\"11817\" class=\"elementor elementor-11817\" data-elementor-post-type=\"page\">\n\t\t\t\t\t\t<section class=\"elementor-section elementor-top-section elementor-element elementor-element-0d38414 elementor-section-boxed elementor-section-height-default elementor-section-height-default selection-is-not-sticked\" data-id=\"0d38414\" data-element_type=\"section\" data-e-type=\"section\">\n\t\t\t\t\t\t<div class=\"elementor-container elementor-column-gap-default\">\n\t\t\t\t\t<div class=\"elementor-column elementor-col-100 elementor-top-column elementor-element elementor-element-f221df8\" data-id=\"f221df8\" data-element_type=\"column\" data-e-type=\"column\">\n\t\t\t<div class=\"elementor-widget-wrap elementor-element-populated\">\n\t\t\t\t\t\t<div class=\"elementor-element elementor-element-8ba0b8e elementor-widget elementor-widget-heading\" data-id=\"8ba0b8e\" data-element_type=\"widget\" data-e-type=\"widget\" data-widget_type=\"heading.default\">\n\t\t\t\t<div class=\"elementor-widget-container\">\n\t\t\t\t\t<h2 class=\"elementor-heading-title elementor-size-default\">COOKIE IR\u00c1NYELVEK<\/h2>\t\t\t\t<\/div>\n\t\t\t\t<\/div>\n\t\t\t\t<div class=\"elementor-element elementor-element-7020ba4 elementor-widget-divider--view-line_icon elementor-view-default elementor-widget-divider--element-align-center elementor-widget elementor-widget-divider\" data-id=\"7020ba4\" data-element_type=\"widget\" data-e-type=\"widget\" data-widget_type=\"divider.default\">\n\t\t\t\t<div class=\"elementor-widget-container\">\n\t\t\t\t\t\t\t<div class=\"elementor-divider\">\n\t\t\t<span class=\"elementor-divider-separator\">\n\t\t\t\t\t\t\t<div class=\"elementor-icon elementor-divider__element\">\n\t\t\t\t\t<i aria-hidden=\"true\" class=\"far fa-gem\"><\/i><\/div>\n\t\t\t\t\t\t<\/span>\n\t\t<\/div>\n\t\t\t\t\t\t<\/div>\n\t\t\t\t<\/div>\n\t\t\t\t<div class=\"elementor-element elementor-element-5b21f76 elementor-widget elementor-widget-text-editor\" data-id=\"5b21f76\" data-element_type=\"widget\" data-e-type=\"widget\" data-widget_type=\"text-editor.default\">\n\t\t\t\t<div class=\"elementor-widget-container\">\n\t\t\t\t\t\t\t\t\t<p>Weboldalunk s\u00fctiket alkalmaz. A s\u00fcti egy azonos\u00edt\u00f3t (bet\u0171ket \u00e9s sz\u00e1mokat) tartalmaz\u00f3 f\u00e1jlnak felel meg, amelyet a webszerver k\u00fcld a webb\u00f6ng\u00e9sz\u0151nek, \u00e9s amelyet a b\u00f6ng\u00e9sz\u0151 elt\u00e1rol. Ezut\u00e1n megt\u00f6rt\u00e9nik az azonos\u00edt\u00f3 visszak\u00fcld\u00e9se a szerverhez minden alkalommal, amikor a b\u00f6ng\u00e9sz\u0151 lek\u00e9r egy adott oldalt a szerverr\u0151l. A s\u00fctik lehetnek \u201etart\u00f3s\u201d vagy \u201emunkamenet\u201d s\u00fctik: a tart\u00f3s s\u00fctiket a b\u00f6ng\u00e9sz\u0151 t\u00e1rolja, \u00e9s a megadott lej\u00e1rati id\u0151pontig \u00e9rv\u00e9nyben maradnak, kiv\u00e9ve, ha a felhaszn\u00e1l\u00f3 a lej\u00e1rati id\u0151 el\u0151tt t\u00f6rli \u0151ket; a munkamenet s\u00fcti ezzel szemben lej\u00e1r a felhaszn\u00e1l\u00f3i munkamenet v\u00e9g\u00e9n, amikor a b\u00f6ng\u00e9sz\u0151t bez\u00e1rja a felhaszn\u00e1l\u00f3. A s\u00fctik \u00e1ltal\u00e1ban nem tartalmaznak olyan inform\u00e1ci\u00f3t, amely \u00e1ltal szem\u00e9lyesen azonos\u00edthat\u00f3 lenne a felhaszn\u00e1l\u00f3, azonban az \u00d6nr\u0151l \u00e1ltalunk t\u00e1rolt szem\u00e9lyes adatok kapcsol\u00f3dhatnak a s\u00fctikben t\u00e1rolt, illetve a s\u00fctikb\u0151l kiolvashat\u00f3 inform\u00e1ci\u00f3khoz. Weboldalunkon munkamenet s\u00fctiket \u00e9s tart\u00f3s s\u00fctiket is haszn\u00e1lunk.<\/p><p>Az \u00e1ltalunk a weboldalunkon alkalmazott s\u00fctik nev\u00e9t, valamint azok felhaszn\u00e1l\u00e1si c\u00e9ljait az al\u00e1bbiakban ismertetj\u00fck:<\/p><p>a weboldalunkon a Google Analytics \u00e9s az Adwords szoftverek seg\u00edts\u00e9g\u00e9vel a sz\u00e1m\u00edt\u00f3g\u00e9p felismer\u00e9se, amikor egy felhaszn\u00e1l\u00f3 megl\u00e1togatja a weboldalt \/ a felhaszn\u00e1l\u00f3k nyomon k\u00f6vet\u00e9se, mik\u00f6zben navig\u00e1lnak a weboldalon \/ a kos\u00e1r haszn\u00e1lat\u00e1nak lehet\u0151s\u00e9ge a weboldalon \/ a weboldal haszn\u00e1lhat\u00f3s\u00e1g\u00e1nak jav\u00edt\u00e1sa \/ a weboldal haszn\u00e1lat\u00e1nak elemz\u00e9se \/ a weboldal adminisztr\u00e1l\u00e1sa \/ a csal\u00e1sok megakad\u00e1lyoz\u00e1sa \u00e9s a weboldal biztons\u00e1g\u00e1nak jav\u00edt\u00e1sa \/ a weboldal testre szab\u00e1sa minden egyes felhaszn\u00e1l\u00f3 sz\u00e1m\u00e1ra \/ a c\u00e9lzott rekl\u00e1mok haszn\u00e1lata, amelyek adott felhaszn\u00e1l\u00f3k sz\u00e1m\u00e1ra k\u00fcl\u00f6n\u00f6sen \u00e9rdekesek lehetnek, egyedi konzult\u00e1ci\u00f3ra val\u00f3 jelentkez\u00e9si \u00edv kit\u00f6lt\u00e9se.<\/p><p>A legt\u00f6bb b\u00f6ng\u00e9sz\u0151ben be\u00e1ll\u00edthat\u00f3 a s\u00fctik elfogad\u00e1s\u00e1nak megtagad\u00e1sa vagy a m\u00e1r t\u00e1rolt s\u00fctik t\u00f6rl\u00e9se is.<\/p><p>Ha letiltja az \u00f6sszes s\u00fcti haszn\u00e1lat\u00e1t vagy t\u00f6rli azokat, akkor sok weboldal haszn\u00e1lhat\u00f3s\u00e1ga romlani fog. A weboldalunkon pedig egyes funkci\u00f3k nem lesznek el\u00e9rhet\u0151k az \u00d6n sz\u00e1m\u00e1ra.<\/p>\t\t\t\t\t\t\t\t<\/div>\n\t\t\t\t<\/div>\n\t\t\t\t\t<\/div>\n\t\t<\/div>\n\t\t\t\t\t<\/div>\n\t\t<\/section>\n\t\t\t\t<\/div>","protected":false},"excerpt":{"rendered":"<p>COOKIE IR\u00c1NYELVEK Weboldalunk s\u00fctiket alkalmaz. A s\u00fcti egy azonos\u00edt\u00f3t (bet\u0171ket \u00e9s sz\u00e1mokat) tartalmaz\u00f3 f\u00e1jlnak felel meg, amelyet a webszerver k\u00fcld a webb\u00f6ng\u00e9sz\u0151nek, \u00e9s amelyet a b\u00f6ng\u00e9sz\u0151 elt\u00e1rol. Ezut\u00e1n megt\u00f6rt\u00e9nik az azonos\u00edt\u00f3 visszak\u00fcld\u00e9se a szerverhez minden alkalommal, amikor a b\u00f6ng\u00e9sz\u0151 lek\u00e9r egy adott oldalt a szerverr\u0151l. A s\u00fctik lehetnek \u201etart\u00f3s\u201d vagy \u201emunkamenet\u201d s\u00fctik: a tart\u00f3s s\u00fctiket [&hellip;]<\/p>\n","protected":false},"author":1,"featured_media":10401,"parent":0,"menu_order":0,"comment_status":"closed","ping_status":"closed","template":"","meta":{"site-sidebar-layout":"no-sidebar","site-content-layout":"plain-container","ast-site-content-layout":"default","site-content-style":"default","site-sidebar-style":"default","ast-global-header-display":"","ast-banner-title-visibility":"","ast-main-header-display":"","ast-hfb-above-header-display":"","ast-hfb-below-header-display":"","ast-hfb-mobile-header-display":"","site-post-title":"disabled","ast-breadcrumbs-content":"","ast-featured-img":"disabled","footer-sml-layout":"","ast-disable-related-posts":"","theme-transparent-header-meta":"default","adv-header-id-meta":"","stick-header-meta":"","header-above-stick-meta":"","header-main-stick-meta":"","header-below-stick-meta":"","astra-migrate-meta-layouts":"default","ast-page-background-enabled":"default","ast-page-background-meta":{"desktop":{"background-color":"var(--ast-global-color-4)","background-image":"","background-repeat":"repeat","background-position":"center center","background-size":"auto","background-attachment":"scroll","background-type":"","background-media":"","overlay-type":"","overlay-color":"","overlay-opacity":"","overlay-gradient":""},"tablet":{"background-color":"","background-image":"","background-repeat":"repeat","background-position":"center center","background-size":"auto","background-attachment":"scroll","background-type":"","background-media":"","overlay-type":"","overlay-color":"","overlay-opacity":"","overlay-gradient":""},"mobile":{"background-color":"","background-image":"","background-repeat":"repeat","background-position":"center center","background-size":"auto","background-attachment":"scroll","background-type":"","background-media":"","overlay-type":"","overlay-color":"","overlay-opacity":"","overlay-gradient":""}},"ast-content-background-meta":{"desktop":{"background-color":"var(--ast-global-color-5)","background-image":"","background-repeat":"repeat","background-position":"center center","background-size":"auto","background-attachment":"scroll","background-type":"","background-media":"","overlay-type":"","overlay-color":"","overlay-opacity":"","overlay-gradient":""},"tablet":{"background-color":"var(--ast-global-color-5)","background-image":"","background-repeat":"repeat","background-position":"center center","background-size":"auto","background-attachment":"scroll","background-type":"","background-media":"","overlay-type":"","overlay-color":"","overlay-opacity":"","overlay-gradient":""},"mobile":{"background-color":"var(--ast-global-color-5)","background-image":"","background-repeat":"repeat","background-position":"center center","background-size":"auto","background-attachment":"scroll","background-type":"","background-media":"","overlay-type":"","overlay-color":"","overlay-opacity":"","overlay-gradient":""}},"footnotes":""},"class_list":["post-11817","page","type-page","status-publish","has-post-thumbnail","hentry"],"yoast_head":"<!-- This site is optimized with the Yoast SEO plugin v27.0 - https:\/\/yoast.com\/product\/yoast-seo-wordpress\/ -->\n<title>Cookie ir\u00e1nyelvek - Best Diamond<\/title>\n<meta name=\"robots\" content=\"noindex, follow\" \/>\n<meta property=\"og:locale\" content=\"zh_CN\" \/>\n<meta property=\"og:type\" content=\"article\" \/>\n<meta property=\"og:title\" content=\"Cookie ir\u00e1nyelvek - Best Diamond\" \/>\n<meta property=\"og:description\" content=\"COOKIE IR\u00c1NYELVEK Weboldalunk s\u00fctiket alkalmaz. A s\u00fcti egy azonos\u00edt\u00f3t (bet\u0171ket \u00e9s sz\u00e1mokat) tartalmaz\u00f3 f\u00e1jlnak felel meg, amelyet a webszerver k\u00fcld a webb\u00f6ng\u00e9sz\u0151nek, \u00e9s amelyet a b\u00f6ng\u00e9sz\u0151 elt\u00e1rol. Ezut\u00e1n megt\u00f6rt\u00e9nik az azonos\u00edt\u00f3 visszak\u00fcld\u00e9se a szerverhez minden alkalommal, amikor a b\u00f6ng\u00e9sz\u0151 lek\u00e9r egy adott oldalt a szerverr\u0151l. A s\u00fctik lehetnek \u201etart\u00f3s\u201d vagy \u201emunkamenet\u201d s\u00fctik: a tart\u00f3s s\u00fctiket [&hellip;]\" \/>\n<meta property=\"og:url\" content=\"https:\/\/bestdiamond.hu\/zh\/cookie-iranyelvek\/\" \/>\n<meta property=\"og:site_name\" content=\"Best Diamond\" \/>\n<meta property=\"article:publisher\" content=\"https:\/\/www.facebook.com\/BestDiamondBudapest\/\" \/>\n<meta property=\"article:modified_time\" content=\"2020-12-29T18:50:20+00:00\" \/>\n<meta property=\"og:image\" content=\"https:\/\/bestdiamond.hu\/wp-content\/uploads\/2020\/07\/ezust_preg_latvany.jpg\" \/>\n\t<meta property=\"og:image:width\" content=\"1617\" \/>\n\t<meta property=\"og:image:height\" content=\"967\" \/>\n\t<meta property=\"og:image:type\" content=\"image\/jpeg\" \/>\n<meta name=\"twitter:card\" content=\"summary_large_image\" \/>\n<meta name=\"twitter:label1\" content=\"\u9884\u8ba1\u9605\u8bfb\u65f6\u95f4\" \/>\n\t<meta name=\"twitter:data1\" content=\"2 \u5206\" \/>\n<script type=\"application\/ld+json\" class=\"yoast-schema-graph\">{\"@context\":\"https:\/\/schema.org\",\"@graph\":[{\"@type\":\"WebPage\",\"@id\":\"https:\/\/bestdiamond.hu\/cookie-iranyelvek\/\",\"url\":\"https:\/\/bestdiamond.hu\/cookie-iranyelvek\/\",\"name\":\"Cookie ir\u00e1nyelvek - Best Diamond\",\"isPartOf\":{\"@id\":\"https:\/\/bestdiamond.hu\/en\/#website\"},\"primaryImageOfPage\":{\"@id\":\"https:\/\/bestdiamond.hu\/cookie-iranyelvek\/#primaryimage\"},\"image\":{\"@id\":\"https:\/\/bestdiamond.hu\/cookie-iranyelvek\/#primaryimage\"},\"thumbnailUrl\":\"https:\/\/bestdiamond.hu\/wp-content\/uploads\/2020\/07\/ezust_preg_latvany.jpg\",\"datePublished\":\"2020-09-07T10:28:20+00:00\",\"dateModified\":\"2020-12-29T18:50:20+00:00\",\"breadcrumb\":{\"@id\":\"https:\/\/bestdiamond.hu\/cookie-iranyelvek\/#breadcrumb\"},\"inLanguage\":\"zh-Hans\",\"potentialAction\":[{\"@type\":\"ReadAction\",\"target\":[\"https:\/\/bestdiamond.hu\/cookie-iranyelvek\/\"]}]},{\"@type\":\"ImageObject\",\"inLanguage\":\"zh-Hans\",\"@id\":\"https:\/\/bestdiamond.hu\/cookie-iranyelvek\/#primaryimage\",\"url\":\"https:\/\/bestdiamond.hu\/wp-content\/uploads\/2020\/07\/ezust_preg_latvany.jpg\",\"contentUrl\":\"https:\/\/bestdiamond.hu\/wp-content\/uploads\/2020\/07\/ezust_preg_latvany.jpg\",\"width\":1617,\"height\":967},{\"@type\":\"BreadcrumbList\",\"@id\":\"https:\/\/bestdiamond.hu\/cookie-iranyelvek\/#breadcrumb\",\"itemListElement\":[{\"@type\":\"ListItem\",\"position\":1,\"name\":\"Kezd\u0151lap\",\"item\":\"https:\/\/bestdiamond.hu\/en\/\"},{\"@type\":\"ListItem\",\"position\":2,\"name\":\"Cookie ir\u00e1nyelvek\"}]},{\"@type\":\"WebSite\",\"@id\":\"https:\/\/bestdiamond.hu\/en\/#website\",\"url\":\"https:\/\/bestdiamond.hu\/en\/\",\"name\":\"Best Diamond\",\"description\":\"Pr\u00e9mium gy\u00e9m\u00e1nt gy\u0171r\u0171k\",\"publisher\":{\"@id\":\"https:\/\/bestdiamond.hu\/en\/#organization\"},\"potentialAction\":[{\"@type\":\"SearchAction\",\"target\":{\"@type\":\"EntryPoint\",\"urlTemplate\":\"https:\/\/bestdiamond.hu\/en\/?s={search_term_string}\"},\"query-input\":{\"@type\":\"PropertyValueSpecification\",\"valueRequired\":true,\"valueName\":\"search_term_string\"}}],\"inLanguage\":\"zh-Hans\"},{\"@type\":\"Organization\",\"@id\":\"https:\/\/bestdiamond.hu\/en\/#organization\",\"name\":\"Best Diamond Budapest\",\"url\":\"https:\/\/bestdiamond.hu\/en\/\",\"logo\":{\"@type\":\"ImageObject\",\"inLanguage\":\"zh-Hans\",\"@id\":\"https:\/\/bestdiamond.hu\/en\/#\/schema\/logo\/image\/\",\"url\":\"https:\/\/bestdiamond.hu\/wp-content\/uploads\/2020\/08\/cropped-imageedit_1_3950369989.png\",\"contentUrl\":\"https:\/\/bestdiamond.hu\/wp-content\/uploads\/2020\/08\/cropped-imageedit_1_3950369989.png\",\"width\":817,\"height\":420,\"caption\":\"Best Diamond Budapest\"},\"image\":{\"@id\":\"https:\/\/bestdiamond.hu\/en\/#\/schema\/logo\/image\/\"},\"sameAs\":[\"https:\/\/www.facebook.com\/BestDiamondBudapest\/\",\"https:\/\/www.instagram.com\/bestdiamond_budapest\/\"]}]}<\/script>\n<!-- \/ Yoast SEO plugin. -->","yoast_head_json":{"title":"Cookie ir\u00e1nyelvek - Best Diamond","robots":{"index":"noindex","follow":"follow"},"og_locale":"zh_CN","og_type":"article","og_title":"Cookie ir\u00e1nyelvek - Best Diamond","og_description":"COOKIE IR\u00c1NYELVEK Weboldalunk s\u00fctiket alkalmaz. A s\u00fcti egy azonos\u00edt\u00f3t (bet\u0171ket \u00e9s sz\u00e1mokat) tartalmaz\u00f3 f\u00e1jlnak felel meg, amelyet a webszerver k\u00fcld a webb\u00f6ng\u00e9sz\u0151nek, \u00e9s amelyet a b\u00f6ng\u00e9sz\u0151 elt\u00e1rol. Ezut\u00e1n megt\u00f6rt\u00e9nik az azonos\u00edt\u00f3 visszak\u00fcld\u00e9se a szerverhez minden alkalommal, amikor a b\u00f6ng\u00e9sz\u0151 lek\u00e9r egy adott oldalt a szerverr\u0151l. A s\u00fctik lehetnek \u201etart\u00f3s\u201d vagy \u201emunkamenet\u201d s\u00fctik: a tart\u00f3s s\u00fctiket [&hellip;]","og_url":"https:\/\/bestdiamond.hu\/zh\/cookie-iranyelvek\/","og_site_name":"Best Diamond","article_publisher":"https:\/\/www.facebook.com\/BestDiamondBudapest\/","article_modified_time":"2020-12-29T18:50:20+00:00","og_image":[{"width":1617,"height":967,"url":"https:\/\/bestdiamond.hu\/wp-content\/uploads\/2020\/07\/ezust_preg_latvany.jpg","type":"image\/jpeg"}],"twitter_card":"summary_large_image","twitter_misc":{"\u9884\u8ba1\u9605\u8bfb\u65f6\u95f4":"2 \u5206"},"schema":{"@context":"https:\/\/schema.org","@graph":[{"@type":"WebPage","@id":"https:\/\/bestdiamond.hu\/cookie-iranyelvek\/","url":"https:\/\/bestdiamond.hu\/cookie-iranyelvek\/","name":"Cookie ir\u00e1nyelvek - Best Diamond","isPartOf":{"@id":"https:\/\/bestdiamond.hu\/en\/#website"},"primaryImageOfPage":{"@id":"https:\/\/bestdiamond.hu\/cookie-iranyelvek\/#primaryimage"},"image":{"@id":"https:\/\/bestdiamond.hu\/cookie-iranyelvek\/#primaryimage"},"thumbnailUrl":"https:\/\/bestdiamond.hu\/wp-content\/uploads\/2020\/07\/ezust_preg_latvany.jpg","datePublished":"2020-09-07T10:28:20+00:00","dateModified":"2020-12-29T18:50:20+00:00","breadcrumb":{"@id":"https:\/\/bestdiamond.hu\/cookie-iranyelvek\/#breadcrumb"},"inLanguage":"zh-Hans","potentialAction":[{"@type":"ReadAction","target":["https:\/\/bestdiamond.hu\/cookie-iranyelvek\/"]}]},{"@type":"ImageObject","inLanguage":"zh-Hans","@id":"https:\/\/bestdiamond.hu\/cookie-iranyelvek\/#primaryimage","url":"https:\/\/bestdiamond.hu\/wp-content\/uploads\/2020\/07\/ezust_preg_latvany.jpg","contentUrl":"https:\/\/bestdiamond.hu\/wp-content\/uploads\/2020\/07\/ezust_preg_latvany.jpg","width":1617,"height":967},{"@type":"BreadcrumbList","@id":"https:\/\/bestdiamond.hu\/cookie-iranyelvek\/#breadcrumb","itemListElement":[{"@type":"ListItem","position":1,"name":"Kezd\u0151lap","item":"https:\/\/bestdiamond.hu\/en\/"},{"@type":"ListItem","position":2,"name":"Cookie ir\u00e1nyelvek"}]},{"@type":"WebSite","@id":"https:\/\/bestdiamond.hu\/en\/#website","url":"https:\/\/bestdiamond.hu\/en\/","name":"Best Diamond","description":"Pr\u00e9mium gy\u00e9m\u00e1nt gy\u0171r\u0171k","publisher":{"@id":"https:\/\/bestdiamond.hu\/en\/#organization"},"potentialAction":[{"@type":"SearchAction","target":{"@type":"EntryPoint","urlTemplate":"https:\/\/bestdiamond.hu\/en\/?s={search_term_string}"},"query-input":{"@type":"PropertyValueSpecification","valueRequired":true,"valueName":"search_term_string"}}],"inLanguage":"zh-Hans"},{"@type":"Organization","@id":"https:\/\/bestdiamond.hu\/en\/#organization","name":"Best Diamond Budapest","url":"https:\/\/bestdiamond.hu\/en\/","logo":{"@type":"ImageObject","inLanguage":"zh-Hans","@id":"https:\/\/bestdiamond.hu\/en\/#\/schema\/logo\/image\/","url":"https:\/\/bestdiamond.hu\/wp-content\/uploads\/2020\/08\/cropped-imageedit_1_3950369989.png","contentUrl":"https:\/\/bestdiamond.hu\/wp-content\/uploads\/2020\/08\/cropped-imageedit_1_3950369989.png","width":817,"height":420,"caption":"Best Diamond Budapest"},"image":{"@id":"https:\/\/bestdiamond.hu\/en\/#\/schema\/logo\/image\/"},"sameAs":["https:\/\/www.facebook.com\/BestDiamondBudapest\/","https:\/\/www.instagram.com\/bestdiamond_budapest\/"]}]}},"jetpack_sharing_enabled":true,"_links":{"self":[{"href":"https:\/\/bestdiamond.hu\/zh\/wp-json\/wp\/v2\/pages\/11817","targetHints":{"allow":["GET"]}}],"collection":[{"href":"https:\/\/bestdiamond.hu\/zh\/wp-json\/wp\/v2\/pages"}],"about":[{"href":"https:\/\/bestdiamond.hu\/zh\/wp-json\/wp\/v2\/types\/page"}],"author":[{"embeddable":true,"href":"https:\/\/bestdiamond.hu\/zh\/wp-json\/wp\/v2\/users\/1"}],"replies":[{"embeddable":true,"href":"https:\/\/bestdiamond.hu\/zh\/wp-json\/wp\/v2\/comments?post=11817"}],"version-history":[{"count":10,"href":"https:\/\/bestdiamond.hu\/zh\/wp-json\/wp\/v2\/pages\/11817\/revisions"}],"predecessor-version":[{"id":15892,"href":"https:\/\/bestdiamond.hu\/zh\/wp-json\/wp\/v2\/pages\/11817\/revisions\/15892"}],"wp:featuredmedia":[{"embeddable":true,"href":"https:\/\/bestdiamond.hu\/zh\/wp-json\/wp\/v2\/media\/10401"}],"wp:attachment":[{"href":"https:\/\/bestdiamond.hu\/zh\/wp-json\/wp\/v2\/media?parent=11817"}],"curies":[{"name":"wp","href":"https:\/\/api.w.org\/{rel}","templated":true}]}}